{"id":11091,"date":"2025-02-10T11:43:25","date_gmt":"2025-02-10T10:43:25","guid":{"rendered":"https:\/\/www.direkt36.hu\/?page_id=11091"},"modified":"2026-03-27T19:00:28","modified_gmt":"2026-03-27T18:00:28","slug":"1szazalek","status":"publish","type":"page","link":"https:\/\/www.direkt36.hu\/en\/1szazalek\/","title":{"rendered":"(Magyar) 1% \u2013 T\u00e1mogasd a f\u00fcggetlen \u00fajs\u00e1g\u00edr\u00e1st!"},"content":{"rendered":"<p class=\"qtranxs-available-languages-message qtranxs-available-languages-message-en\">Sorry, this entry is only available in <a href=\"https:\/\/www.direkt36.hu\/hu\/wp-json\/wp\/v2\/pages\/11091\" class=\"qtranxs-available-language-link qtranxs-available-language-link-hu\" title=\"Magyar\">Hungarian<\/a>.<\/p><div style=\"height:8px\" aria-hidden=\"true\" class=\"wp-block-spacer\"><\/div>\n\n\n\n<div class=\"wp-block-columns is-layout-flex wp-container-core-columns-layout-1 wp-block-columns-is-layout-flex\">\n<div class=\"wp-block-column is-vertically-aligned-center is-layout-flow wp-block-column-is-layout-flow\" style=\"flex-basis:66.66%\">\n<figure class=\"wp-block-embed is-type-video is-provider-youtube wp-block-embed-youtube wp-embed-aspect-16-9 wp-has-aspect-ratio\"><div class=\"wp-block-embed__wrapper\">\n<div class=\"epyt-video-wrapper\"><div  id=\"_ytid_88604\"  width=\"800\" height=\"450\"  data-origwidth=\"800\" data-origheight=\"450\"  data-relstop=\"1\" data-facadesrc=\"https:\/\/www.youtube.com\/embed\/47zfbIpk0Dk?enablejsapi=1&#038;autoplay=0&#038;cc_load_policy=0&#038;cc_lang_pref=&#038;iv_load_policy=1&#038;loop=0&#038;rel=0&#038;fs=1&#038;playsinline=0&#038;autohide=2&#038;theme=dark&#038;color=red&#038;controls=1&#038;\" class=\"__youtube_prefs__ epyt-facade epyt-is-override  no-lazyload\" data-epautoplay=\"1\" ><img decoding=\"async\" data-spai-excluded=\"true\" class=\"epyt-facade-poster skip-lazy\" loading=\"lazy\"  alt=\"YouTube player\"  src=\"https:\/\/i.ytimg.com\/vi\/47zfbIpk0Dk\/maxresdefault.jpg\"  \/><button class=\"epyt-facade-play\" aria-label=\"Play\"><svg data-no-lazy=\"1\" height=\"100%\" version=\"1.1\" viewBox=\"0 0 68 48\" width=\"100%\"><path class=\"ytp-large-play-button-bg\" d=\"M66.52,7.74c-0.78-2.93-2.49-5.41-5.42-6.19C55.79,.13,34,0,34,0S12.21,.13,6.9,1.55 C3.97,2.33,2.27,4.81,1.48,7.74C0.06,13.05,0,24,0,24s0.06,10.95,1.48,16.26c0.78,2.93,2.49,5.41,5.42,6.19 C12.21,47.87,34,48,34,48s21.79-0.13,27.1-1.55c2.93-0.78,4.64-3.26,5.42-6.19C67.94,34.95,68,24,68,24S67.94,13.05,66.52,7.74z\" fill=\"#f00\"><\/path><path d=\"M 45,24 27,14 27,34\" fill=\"#fff\"><\/path><\/svg><\/button><\/div><\/div>\n<\/div><\/figure>\n<\/div>\n\n\n\n<div class=\"wp-block-column is-layout-flow wp-block-column-is-layout-flow\" style=\"flex-basis:33.33%\">\n<p>Id\u00e9n is\u00a0k\u00f6z\u00f6sen\u00a0fogadja a szem\u00e9lyi j\u00f6vedelemad\u00f3 (szja) 1%-\u00e1t a\u00a0<strong><a href=\"https:\/\/www.direkt36.hu\/\">Direkt36<\/a><\/strong>\u00a0\u00e9s a\u00a0<strong>F\u00fcggetlen M\u00e9diak\u00f6zpont<\/strong>ot m\u0171k\u00f6dtet\u0151 <strong>F\u00fcggetlen \u00dajs\u00e1g\u00edr\u00f3k Alap\u00edtv\u00e1nya<\/strong>!<\/p>\n\n\n\n<p><strong>T\u00e1mogass minket ad\u00f3d 1%-\u00e1val!<\/strong><\/p>\n<\/div>\n<\/div>\n\n\n\n<div style=\"height:15px\" aria-hidden=\"true\" class=\"wp-block-spacer\"><\/div>\n\n\n\n<h2 class=\"wp-block-heading\">Hogyan tudod felaj\u00e1nlani nek\u00fcnk az 1%-ot?<\/h2>\n\n\n\n<div style=\"height:8px\" aria-hidden=\"true\" class=\"wp-block-spacer\"><\/div>\n\n\n\n<p>Az szja-bevall\u00e1s beny\u00fajt\u00e1s\u00e1nak hat\u00e1rideje 2026. m\u00e1jus 20-a; a NAV \u00e1ltal elk\u00e9sz\u00edtett bevall\u00e1s-tervezeteket m\u00e1rcius 15-\u00e9t\u0151l lehet megn\u00e9zni \u00e9s j\u00f3v\u00e1hagyni. Az 1%-r\u00f3l <strong>rendelkezhetsz akkor, amikor a bevall\u00e1st beadod<\/strong>, de ak\u00e1r <strong>a bevall\u00e1st\u00f3l f\u00fcggetlen\u00fcl is elk\u00fcldheted a nyilatkozatot<\/strong> &#8211; online (ha van \u00dcgyf\u00e9lkapu-regisztr\u00e1ci\u00f3d) vagy post\u00e1n.<\/p>\n\n\n\n<p>Az online beny\u00fajt\u00e1shoz keresd fel a <strong>NAV weboldal\u00e1t<\/strong>:&nbsp;<a href=\"https:\/\/eszja.nav.gov.hu\/\">https:\/\/eszja.nav.gov.hu\/<\/a>, az azonos\u00edt\u00e1s ut\u00e1n kattints az ,,1+1%-os nyilatkozat&#8221; blokkban a ,,NYILATKOZOM&#8221; gombra, majd a civil kedvezm\u00e9nyezettek k\u00f6z\u00f6tt v\u00e1laszd ki ezt a szervezetet \u00e9s ad\u00f3sz\u00e1mot:<\/p>\n\n\n\n<div class=\"felhivas\"><span style=\"color: #d42222;\">F\u00fcggetlen \u00dajs\u00e1g\u00edr\u00f3k Alap\u00edtv\u00e1nya &#8211; 18075450-1-42<\/span><\/div>\n\n\n\n<div class=\"wp-block-buttons is-content-justification-center is-layout-flex wp-container-core-buttons-layout-1 wp-block-buttons-is-layout-flex\">\n<div class=\"wp-block-button\"><a class=\"wp-block-button__link wp-element-button\" href=\"https:\/\/eszja.nav.gov.hu\/app\/login\/#login\" target=\"_blank\" rel=\"noreferrer noopener\">Felaj\u00e1nlom!<\/a><\/div>\n<\/div>\n\n\n\n<p>R\u00e9szletesebb \u00fatmutat\u00f3\u00e9rt, illetve a pap\u00edron beadhat\u00f3 nyilatkozatr\u00f3l sz\u00f3l\u00f3 inform\u00e1ci\u00f3k\u00e9rt&nbsp;g\u00f6rgess lejjebb, seg\u00edt\u00fcnk! A NAV 1%-os t\u00e1j\u00e9koztat\u00f3j\u00e1t&nbsp;<a href=\"https:\/\/nav.gov.hu\/ado\/szja1_1\/11-os-rendelkezes-2024-ben\">itt tal\u00e1lod<\/a>.<\/p>\n\n\n\n<div style=\"height:15px\" aria-hidden=\"true\" class=\"wp-block-spacer\"><\/div>\n\n\n\n<h2 class=\"wp-block-heading\">Mi\u00e9rt nek\u00fcnk add az 1%-ot?<\/h2>\n\n\n\n<div style=\"height:8px\" aria-hidden=\"true\" class=\"wp-block-spacer\"><\/div>\n\n\n\n<p>A politikusok, c\u00e9gvezet\u0151k \u00e9s m\u00e1s befoly\u00e1sos emberek minden orsz\u00e1gban, \u00edgy Magyarorsz\u00e1gon is \u00f3ri\u00e1si anyagi er\u0151forr\u00e1sok f\u00f6l\u00f6tt rendelkeznek, \u00e9s a mindennapi \u00e9let\u00fcnket alapvet\u0151en meghat\u00e1roz\u00f3 d\u00f6nt\u00e9seket hoznak. Az \u00fajs\u00e1g\u00edr\u00f3k feladata, hogy ezeket a d\u00f6nt\u00e9seket mindannyiunk \u00e9rdek\u00e9ben szemmel tarts\u00e1k, \u00e9s sz\u00f3v\u00e1 tegy\u00e9k, ha azt l\u00e1tj\u00e1k, hogy valami nincs rendben.<\/p>\n\n\n\n<p>Ez sosem volt k\u00f6nny\u0171 munka, de az elm\u00falt \u00e9vekben m\u00e9g nehezebb\u00e9 v\u00e1lt. Az \u00fajs\u00e1g\u00edr\u00f3knak m\u00e1r nem csak egym\u00e1ssal kell versenyezni\u00fck a k\u00f6z\u00f6ns\u00e9g figyelm\u00e9\u00e9rt, hanem a t\u00f6megek befoly\u00e1sol\u00e1s\u00e1ra l\u00e9trej\u00f6tt propagandag\u00e9pezetekkel, \u00e1lh\u00edrgy\u00e1rakkal \u00e9s a titkol\u00f3z\u00f3, sz\u00e1nd\u00e9kosan \u00e1tl\u00e1thatatlanul m\u0171k\u00f6d\u0151 \u00e1llami szervekkel, hat\u00f3s\u00e1gokkal is fel kell venni\u00fck a k\u00fczdelmet. A Direkt36 az\u00e9rt j\u00f6tt l\u00e9tre, munkat\u00e1rsai az\u00e9rt dolgoznak minden nap, hogy ilyen k\u00f6r\u00fclm\u00e9nyek k\u00f6z\u00f6tt is kider\u00fclj\u00f6n, mi folyik Magyarorsz\u00e1gon, mi t\u00f6rt\u00e9nik Magyarorsz\u00e1ggal.<\/p>\n\n\n\n<p>Ebben seg\u00edthetsz, ha nek\u00fcnk aj\u00e1nlod fel az ad\u00f3d 1%-\u00e1t.<\/p>\n\n\n\n<div style=\"height:15px\" aria-hidden=\"true\" class=\"wp-block-spacer\"><\/div>\n\n\n\n<h2 class=\"wp-block-heading\">Mire k\u00f6ltj\u00fck a p\u00e9nzt?<\/h2>\n\n\n\n<div style=\"height:8px\" aria-hidden=\"true\" class=\"wp-block-spacer\"><\/div>\n\n\n\n<p>A Direkt36 a t\u00e9nyfelt\u00e1r\u00f3 munk\u00e1t finansz\u00edrozza bel\u0151le, a F\u00fcggetlen M\u00e9diak\u00f6zpont pedig olyan esem\u00e9nyeket rendez, amelyek seg\u00edtik a hazai \u00fajs\u00e1g\u00edr\u00e1s sz\u00ednvonal\u00e1nak jav\u00edt\u00e1s\u00e1t. Az 1%-os felaj\u00e1nl\u00e1sok felhaszn\u00e1l\u00e1s\u00e1r\u00f3l besz\u00e1molunk az oldalainkon. A Direkt36 \u00e9s a F\u00fcggetlen M\u00e9diak\u00f6zpont p\u00e9nz\u00fcgyei, m\u0171k\u00f6d\u00e9se 100%-ban \u00e1tl\u00e1that\u00f3.<\/p>\n\n\n\n<div style=\"height:15px\" aria-hidden=\"true\" class=\"wp-block-spacer\"><\/div>\n\n\n\n<h2 class=\"wp-block-heading\">Mi az a Direkt36 \u00e9s a F\u00fcggetlen M\u00e9diak\u00f6zpont?<\/h2>\n\n\n\n<div style=\"height:8px\" aria-hidden=\"true\" class=\"wp-block-spacer\"><\/div>\n\n\n\n<p>A Direkt36 nonprofit t\u00e9nyfelt\u00e1r\u00f3 \u00fajs\u00e1g\u00edr\u00f3 m\u0171hely, amely alapos, kiegyens\u00falyozott cikkekben sz\u00e1mol be mindny\u00e1junkat megk\u00e1ros\u00edt\u00f3 vissza\u00e9l\u00e9sekr\u0151l. A F\u00fcggetlen M\u00e9diak\u00f6zpont k\u00e9t \u00e9vtizede szervez tanfolyamokat, konferenci\u00e1kat, amelyeken az \u00fajs\u00e1g\u00edr\u00e1s legfrissebb m\u00f3dszereivel ismerkedhetnek meg a r\u00e9sztvev\u0151k. A k\u00e9t szervezetet \u00f6sszek\u00f6ti az a meggy\u0151z\u0151d\u00e9s, hogy l\u00e9tezik b\u00e1tor, p\u00e1rtatlan \u00e9s kiz\u00e1r\u00f3lag a k\u00f6z \u00e9rdek\u00e9t szolg\u00e1l\u00f3 \u00fajs\u00e1g\u00edr\u00e1s, \u00e9s ennek fontos szerepe van a hatalmon l\u00e9v\u0151k \u00e9s sz\u00f6vets\u00e9geseik ellen\u0151rz\u00e9s\u00e9ben. (Ha k\u00edv\u00e1ncsi vagy legfrissebb nyomoz\u00e1sainkra,&nbsp;<a href=\"https:\/\/www.direkt36.hu\/\">kattints ide!<\/a>)<\/p>\n\n\n\n<div style=\"height:15px\" aria-hidden=\"true\" class=\"wp-block-spacer\"><\/div>\n\n\n\n<hr class=\"wp-block-separator has-alpha-channel-opacity\"\/>\n\n\n\n<div style=\"height:30px\" aria-hidden=\"true\" class=\"wp-block-spacer\"><\/div>\n\n\n\n<h1 class=\"wp-block-heading has-text-align-center\">\u00cdgy m\u0171k\u00f6dik az 1% felaj\u00e1nl\u00e1sa&nbsp;l\u00e9p\u00e9sr\u0151l l\u00e9p\u00e9sre<\/h1>\n\n\n\n<div style=\"height:30px\" aria-hidden=\"true\" class=\"wp-block-spacer\"><\/div>\n\n\n\n<h2 class=\"wp-block-heading\">A) Ha pap\u00edron k\u00e9sz\u00fcl az SZJA-bevall\u00e1sod<\/h2>\n\n\n\n<div style=\"height:8px\" aria-hidden=\"true\" class=\"wp-block-spacer\"><\/div>\n\n\n\n<p>Az szja-bevall\u00e1s megfelel\u0151 oldal\u00e1n ezeket az adatokat kell megadnod:<\/p>\n\n\n\n<div class=\"felhivas\"><span style=\"color: #d42222;\">F\u00fcggetlen \u00dajs\u00e1g\u00edr\u00f3k Alap\u00edtv\u00e1nya &#8211; 18075450-1-42<\/span><\/div>\n\n\n\n<p>A rendelkez\u0151 nyilatkozatot (ugyan\u00fagy, mint mag\u00e1t az ad\u00f3bevall\u00e1st) kit\u00f6ltheted regisztr\u00e1ci\u00f3 n\u00e9lk\u00fcl is a NAV oldal\u00e1n:&nbsp;<a href=\"https:\/\/webnyk.nav.gov.hu\/\">https:\/\/webnyk.nav.gov.hu\/<\/a><\/p>\n\n\n\n<p>Az \u00edgy elk\u00e9sz\u00edtett nyilatkozatot azt\u00e1n ki kell nyomtatni, \u00e9s al\u00e1\u00edrva kell lez\u00e1rt postai bor\u00edt\u00e9kban szem\u00e9lyesen beny\u00fajtani vagy post\u00e1n feladni a NAV-nak 2026. m\u00e1jus 20-ig.<\/p>\n\n\n\n<div style=\"height:15px\" aria-hidden=\"true\" class=\"wp-block-spacer\"><\/div>\n\n\n\n<h2 class=\"wp-block-heading\">B) Ha van \u00dcgyf\u00e9lkapu+ regisztr\u00e1ci\u00f3d vagy D\u00c1P mobilalkalmaz\u00e1sod, \u00e9s online k\u00e9sz\u00edted a felaj\u00e1nl\u00e1sodat<\/h2>\n\n\n\n<div style=\"height:8px\" aria-hidden=\"true\" class=\"wp-block-spacer\"><\/div>\n\n\n\n<p><strong>1. Keresd fel a NAV weboldal\u00e1t:&nbsp;<a href=\"https:\/\/eszja.nav.gov.hu\/\">https:\/\/eszja.nav.gov.hu\/<\/a><\/strong><\/p>\n\n\n\n<div style=\"height:8px\" aria-hidden=\"true\" class=\"wp-block-spacer\"><\/div>\n\n\n\n<div class=\"wp-block-media-text is-stacked-on-mobile\"><figure class=\"wp-block-media-text__media\"><img loading=\"lazy\" decoding=\"async\" width=\"510\" height=\"371\" src=\"https:\/\/direkt36-hu.b-cdn.net\/wp-content\/uploads\/2026\/03\/1.jpg\" alt=\"\" class=\"wp-image-12951 size-full\"\/><\/figure><div class=\"wp-block-media-text__content\">\n<p>Jelentkezz be a ,,Bejelentkez\u00e9s&#8221; gombra kattintva. <\/p>\n<\/div><\/div>\n\n\n\n<div style=\"height:30px\" aria-hidden=\"true\" class=\"wp-block-spacer\"><\/div>\n\n\n\n<p><strong>2. Jelentkezz be. <\/strong><\/p>\n\n\n\n<div style=\"height:8px\" aria-hidden=\"true\" class=\"wp-block-spacer\"><\/div>\n\n\n\n<div class=\"wp-block-media-text is-stacked-on-mobile\"><figure class=\"wp-block-media-text__media\"><img loading=\"lazy\" decoding=\"async\" width=\"508\" height=\"548\" src=\"https:\/\/www.direkt36.hu\/wp-content\/uploads\/2026\/03\/2.jpg\" alt=\"\" class=\"wp-image-12953 size-full\"\/><\/figure><div class=\"wp-block-media-text__content\">\n<p>Ehhez sz\u00fcks\u00e9ged lesz D\u00c1P mobilalkalmaz\u00e1sra vagy \u00dcgyf\u00e9lkapu+ regisztr\u00e1ci\u00f3ra (hiteles\u00edt\u0151 alkalmaz\u00e1ssal vagy e-mailes k\u00f3ddal). <\/p>\n<\/div><\/div>\n\n\n\n<div style=\"height:30px\" aria-hidden=\"true\" class=\"wp-block-spacer\"><\/div>\n\n\n\n<p><strong>3. Ha bel\u00e9pt\u00e9l, kattints az \u201e1+1%-os nyilatkozat\u201d blokkban a ,,NYILATKOZOM&#8221; gombra, \u00e9s t\u00f6ltsd ki a megjelen\u0151 \u0171rlapot.<\/strong><\/p>\n\n\n\n<div style=\"height:8px\" aria-hidden=\"true\" class=\"wp-block-spacer\"><\/div>\n\n\n\n<div class=\"wp-block-media-text is-stacked-on-mobile\"><figure class=\"wp-block-media-text__media\"><img loading=\"lazy\" decoding=\"async\" width=\"1200\" height=\"609\" src=\"https:\/\/www.direkt36.hu\/wp-content\/uploads\/2026\/03\/3-1-1200x609.jpg\" alt=\"\" class=\"wp-image-12955 size-full\" srcset=\"https:\/\/www.direkt36.hu\/wp-content\/uploads\/2026\/03\/3-1-1200x609.jpg 1200w, https:\/\/www.direkt36.hu\/wp-content\/uploads\/2026\/03\/3-1-800x406.jpg 800w, https:\/\/www.direkt36.hu\/wp-content\/uploads\/2026\/03\/3-1-768x389.jpg 768w, https:\/\/www.direkt36.hu\/wp-content\/uploads\/2026\/03\/3-1.jpg 1260w\" sizes=\"(max-width: 1200px) 100vw, 1200px\" \/><\/figure><div class=\"wp-block-media-text__content\">\n<p>A megjelen\u0151 oldalon a NAV \u00e1ltal elk\u00e9sz\u00edtett ad\u00f3bevall\u00e1sodat is elfogadhatod m\u00e1rcius 15-e ut\u00e1n.<\/p>\n<\/div><\/div>\n\n\n\n<div style=\"height:30px\" aria-hidden=\"true\" class=\"wp-block-spacer\"><\/div>\n\n\n\n<p><strong>4. Maradj kapcsolatban vel\u00fcnk!<\/strong><\/p>\n\n\n\n<div class=\"wp-block-media-text is-stacked-on-mobile\"><figure class=\"wp-block-media-text__media\"><img loading=\"lazy\" decoding=\"async\" width=\"983\" height=\"424\" src=\"https:\/\/www.direkt36.hu\/wp-content\/uploads\/2026\/03\/5.jpg\" alt=\"\" class=\"wp-image-12956 size-full\" srcset=\"https:\/\/www.direkt36.hu\/wp-content\/uploads\/2026\/03\/5.jpg 983w, https:\/\/www.direkt36.hu\/wp-content\/uploads\/2026\/03\/5-800x345.jpg 800w, https:\/\/www.direkt36.hu\/wp-content\/uploads\/2026\/03\/5-768x331.jpg 768w\" sizes=\"(max-width: 983px) 100vw, 983px\" \/><\/figure><div class=\"wp-block-media-text__content\">\n<p>Figyelj arra, hogy a nevedet \u00e9s a lakc\u00edmedet csak akkor kell megadnod, ha szeretn\u00e9d, hogy azokat a t\u00e1mogatott szervezet is l\u00e1ssa. Ez esetben ki kell pip\u00e1lnod az ad\u00f3z\u00f3 neve mez\u0151 feletti hozz\u00e1j\u00e1rul\u00e1si nyilatkozatot. (Ha nem szeretn\u00e9d megadni ezeket az adatokat, egyszer\u0171en hagyd \u00fcresen ezeket a mez\u0151ket.)<\/p>\n<\/div><\/div>\n\n\n\n<div style=\"height:30px\" aria-hidden=\"true\" class=\"wp-block-spacer\"><\/div>\n\n\n\n<p><strong>5. V\u00e1laszd ki a t\u00e1mogatott szervezetet. <\/strong><\/p>\n\n\n\n<div style=\"height:8px\" aria-hidden=\"true\" class=\"wp-block-spacer\"><\/div>\n\n\n\n<div class=\"wp-block-media-text is-stacked-on-mobile\"><figure class=\"wp-block-media-text__media\"><img loading=\"lazy\" decoding=\"async\" width=\"980\" height=\"363\" src=\"https:\/\/www.direkt36.hu\/wp-content\/uploads\/2026\/03\/6.jpg\" alt=\"\" class=\"wp-image-12957 size-full\" srcset=\"https:\/\/www.direkt36.hu\/wp-content\/uploads\/2026\/03\/6.jpg 980w, https:\/\/www.direkt36.hu\/wp-content\/uploads\/2026\/03\/6-800x296.jpg 800w, https:\/\/www.direkt36.hu\/wp-content\/uploads\/2026\/03\/6-768x284.jpg 768w\" sizes=\"(max-width: 980px) 100vw, 980px\" \/><\/figure><div class=\"wp-block-media-text__content\">\n<p>,,A civil kedvezm\u00e9nyezett ad\u00f3sz\u00e1ma&#8221; mez\u0151be \u00edrd be az ad\u00f3sz\u00e1munkat (<strong>18075450-1-42<\/strong>), ezut\u00e1n a civil kedvezm\u00e9nyezett neve (<strong>F\u00fcggetlen \u00dajs\u00e1g\u00edr\u00f3k Alap\u00edtv\u00e1nya<\/strong>) automatikusan megjelenik.<\/p>\n<\/div><\/div>\n\n\n\n<div style=\"height:30px\" aria-hidden=\"true\" class=\"wp-block-spacer\"><\/div>\n\n\n\n<p><strong>6. Mentsd el \u00e9s add le a nyilatkozatot!<\/strong><\/p>\n\n\n\n<div style=\"height:8px\" aria-hidden=\"true\" class=\"wp-block-spacer\"><\/div>\n\n\n\n<div style=\"height:15px\" aria-hidden=\"true\" class=\"wp-block-spacer\"><\/div>\n\n\n\n<p>Ha minden rendben volt, akkor a k\u00e9perny\u0151d\u00f6n a ,,Sikeres bek\u00fcld\u00e9s&#8221; \u00fczenet jelenik majd meg.<\/p>\n\n\n\n<p>Nagyon k\u00f6sz\u00f6nj\u00fck, ha a t\u00e1mogat\u00e1sunk mellett d\u00f6nt\u00f6tt\u00e9l, \u00e9s ennek megfelel\u0151en rendelkezt\u00e9l az 1%-odr\u00f3l!<\/p>\n\n\n\n<p>Ha b\u00e1rmilyen k\u00e9rd\u00e9sed van, \u00edrj nek\u00fcnk a&nbsp;<a href=\"mailto:tamogatas@direkt36.hu\">tamogatas@direkt36.hu<\/a>&nbsp;a c\u00edmre!<\/p>","protected":false},"excerpt":{"rendered":"<p>Sorry, this entry is only available in Hungarian. Id\u00e9n is\u00a0k\u00f6z\u00f6sen\u00a0fogadja a szem\u00e9lyi j\u00f6vedelemad\u00f3 (szja) 1%-\u00e1t a\u00a0Direkt36\u00a0\u00e9s a\u00a0F\u00fcggetlen M\u00e9diak\u00f6zpontot m\u0171k\u00f6dtet\u0151 F\u00fcggetlen \u00dajs\u00e1g\u00edr\u00f3k Alap\u00edtv\u00e1nya! T\u00e1mogass minket ad\u00f3d 1%-\u00e1val! Hogyan tudod felaj\u00e1nlani nek\u00fcnk az 1%-ot? Az szja-bevall\u00e1s beny\u00fajt\u00e1s\u00e1nak hat\u00e1rideje 2026. m\u00e1jus 20-a; a NAV \u00e1ltal elk\u00e9sz\u00edtett bevall\u00e1s-tervezeteket m\u00e1rcius 15-\u00e9t\u0151l lehet megn\u00e9zni \u00e9s j\u00f3v\u00e1hagyni. Az 1%-r\u00f3l rendelkezhetsz akkor, amikor [&hellip;]<\/p>\n","protected":false},"author":31,"featured_media":0,"parent":0,"menu_order":0,"comment_status":"closed","ping_status":"closed","template":"","meta":{"footnotes":""},"aioseo_notices":[],"_links":{"self":[{"href":"https:\/\/www.direkt36.hu\/en\/wp-json\/wp\/v2\/pages\/11091"}],"collection":[{"href":"https:\/\/www.direkt36.hu\/en\/wp-json\/wp\/v2\/pages"}],"about":[{"href":"https:\/\/www.direkt36.hu\/en\/wp-json\/wp\/v2\/types\/page"}],"author":[{"embeddable":true,"href":"https:\/\/www.direkt36.hu\/en\/wp-json\/wp\/v2\/users\/31"}],"replies":[{"embeddable":true,"href":"https:\/\/www.direkt36.hu\/en\/wp-json\/wp\/v2\/comments?post=11091"}],"version-history":[{"count":1,"href":"https:\/\/www.direkt36.hu\/en\/wp-json\/wp\/v2\/pages\/11091\/revisions"}],"predecessor-version":[{"id":11092,"href":"https:\/\/www.direkt36.hu\/en\/wp-json\/wp\/v2\/pages\/11091\/revisions\/11092"}],"wp:attachment":[{"href":"https:\/\/www.direkt36.hu\/en\/wp-json\/wp\/v2\/media?parent=11091"}],"curies":[{"name":"wp","href":"https:\/\/api.w.org\/{rel}","templated":true}]}}