{"id":130,"date":"2015-02-22T13:28:22","date_gmt":"2015-02-22T12:28:22","guid":{"rendered":"http:\/\/www.direkt36.hu\/?page_id=130"},"modified":"2026-03-31T16:48:25","modified_gmt":"2026-03-31T14:48:25","slug":"impresszum","status":"publish","type":"page","link":"https:\/\/www.direkt36.hu\/en\/impresszum\/","title":{"rendered":"Impressum"},"content":{"rendered":"<p>Published by <b>Direkt36 Nonprofit Kft.<\/b><br \/>\nResponsible for publishing and editing: <b>Andr\u00e1s Peth\u0151<\/b>, managing director<br \/>\nDeeds of association, created in 2014, amended in 2022 &#8211; <a href=\"https:\/\/direkt36-prod.exot.hu\/wp-content\/uploads\/2023\/06\/Direkt36_alapito_okirat_2022.pdf\">download<\/a><\/p>\n<p><b>CONTACT<\/b><br \/>\n<a href=\"https:\/\/www.google.com\/maps\/dir\/\/Budapest,+Pozsonyi+%C3%BAt+10,+1137\/@47.5151516,18.9665536,12z\/data=!4m8!4m7!1m0!1m5!1m1!1s0x4741dc08b111b3c9:0x36af722bbce01f5f!2m2!1d19.0489542!2d47.5151811?entry=ttu&amp;g_ep=EgoyMDI1MDQyMy4wIKXMDSoASAFQAw%3D%3D\">Hungary, 1137, Budapest, Pozsonyi Way 10.<\/a> 2. fl. 8.<br \/>\nLetter to the editors:\u00a0<a href=\"mailto:info@direkt36.hu\" target=\"_top\" rel=\"noopener\">info@direkt36.hu<\/a><br \/>\nSecure letter to the editors:\u00a0<a href=\"mailto:direkt36@protonmail.com\" target=\"_top\" rel=\"noopener\">direkt36@protonmail.com<\/a><br \/>\n<a href=\"http:\/\/www.facebook.com\/direkt36\" target=\"_blank\" rel=\"noopener\">Facebook<\/a><br \/>\n<a href=\"http:\/\/www.twitter.com\/direkt36\" target=\"_blank\" rel=\"noopener\">Twitter \/ X<\/a><br \/>\n<a href=\"https:\/\/www.instagram.com\/direkt36\/\" rel=\"noopener\">Instagram<\/a><\/p>\n<p><b>STAFF<\/b><br \/>\n<b>Patrik Galavits<\/b> &#8211; reporter\u00a0(<a href=\"mailto:galavits.patrik@direkt36.hu\">e-mail<\/a>)<br \/>\n<b><\/b><b>Kata Janecsk\u00f3 <\/b>&#8211; reporter\u00a0(<a href=\"mailto:janecsko.kata@direkt36.hu\">e-mail<\/a>)<b><br \/>\nKamilla Marton<\/b> &#8211; reporter\u00a0(<a href=\"mailto:marton.kamilla@direkt36.hu\">e-mail<\/a>)<br \/>\n<b>Szabolcs Panyi<\/b> &#8211; reporter\u00a0(<a href=\"mailto:panyi@direkt36.hu\">e-mail<\/a>)<br \/>\n<b>Andr\u00e1s Peth\u0151<\/b> &#8211; chief editor, reporter\u00a0(<a href=\"mailto:petho@direkt36.hu\">e-mail<\/a>)<br \/>\n<b>Andr\u00e1s Szab\u00f3<\/b> &#8211; editor, reporter (<a href=\"mailto:szabo.andras@direkt36.hu\">e-mail<\/a>)<br \/>\n<b>Zita Szopk\u00f3<\/b> &#8211; reporter\u00a0(<a href=\"mailto:szopko.zita@direkt36.hu\">e-mail<\/a>)<br \/>\n<b>D\u00e1niel Sz\u0151ke<\/b>\u00a0&#8211; reporter (<a href=\"mailto:szoke.daniel@direkt36.hu\">e-mail<\/a>)<br \/>\n<b>Fl\u00f3ra T\u00e1rk\u00e1nyi<\/b>\u00a0&#8211; reporter (<a href=\"mailto:tarkanyi.flora@direkt36.hu\">e-mail<\/a>)<br \/>\n<strong>Zsuzsanna Wirth<\/strong> &#8211; editor, reporter\u00a0(<a href=\"mailto:wirth.zsuzsanna@direkt36.hu\">e-mail<\/a>)<\/p>\n<p><b>P\u00e9ter N\u00e1dori<\/b> &#8211; director of operations<br \/>\n<b>Katalin Tihanyi<\/b>\u00a0&#8211; nonprofit manager<\/p>\n<p><b>LEGAL ADVISOR<\/b><br \/>\n<b>Bea Bodrogi<\/b><\/p>","protected":false},"excerpt":{"rendered":"<p>Published by Direkt36 Nonprofit Kft. Responsible for publishing and editing: Andr\u00e1s Peth\u0151, managing director Deeds of association, created in 2014, amended in 2022 &#8211; download CONTACT Hungary, 1137, Budapest, Pozsonyi Way 10. 2. fl. 8. Letter to the editors:\u00a0info@direkt36.hu Secure letter to the editors:\u00a0direkt36@protonmail.com Facebook Twitter \/ X Instagram STAFF Patrik Galavits &#8211; reporter\u00a0(e-mail) Kata [&hellip;]<\/p>\n","protected":false},"author":18,"featured_media":0,"parent":0,"menu_order":0,"comment_status":"closed","ping_status":"closed","template":"","meta":{"footnotes":""},"aioseo_notices":[],"_links":{"self":[{"href":"https:\/\/www.direkt36.hu\/en\/wp-json\/wp\/v2\/pages\/130"}],"collection":[{"href":"https:\/\/www.direkt36.hu\/en\/wp-json\/wp\/v2\/pages"}],"about":[{"href":"https:\/\/www.direkt36.hu\/en\/wp-json\/wp\/v2\/types\/page"}],"author":[{"embeddable":true,"href":"https:\/\/www.direkt36.hu\/en\/wp-json\/wp\/v2\/users\/18"}],"replies":[{"embeddable":true,"href":"https:\/\/www.direkt36.hu\/en\/wp-json\/wp\/v2\/comments?post=130"}],"version-history":[{"count":18,"href":"https:\/\/www.direkt36.hu\/en\/wp-json\/wp\/v2\/pages\/130\/revisions"}],"predecessor-version":[{"id":12967,"href":"https:\/\/www.direkt36.hu\/en\/wp-json\/wp\/v2\/pages\/130\/revisions\/12967"}],"wp:attachment":[{"href":"https:\/\/www.direkt36.hu\/en\/wp-json\/wp\/v2\/media?parent=130"}],"curies":[{"name":"wp","href":"https:\/\/api.w.org\/{rel}","templated":true}]}}