{"id":2942,"date":"2017-03-10T17:10:01","date_gmt":"2017-03-10T16:10:01","guid":{"rendered":"http:\/\/www.direkt36.hu\/?page_id=2942"},"modified":"2017-03-10T17:10:01","modified_gmt":"2017-03-10T16:10:01","slug":"penzkuldes-csekken","status":"publish","type":"page","link":"https:\/\/www.direkt36.hu\/en\/penzkuldes-csekken\/","title":{"rendered":"P\u00e9nzk\u00fcld\u00e9s csekken"},"content":{"rendered":"<p>Ha csekken szeretn\u00e9l p\u00e9nzt k\u00fcldeni, akkor Belf\u00f6ldi postautalv\u00e1nyt kell ki\u00e1ll\u00edtanod a Direkt36 c\u00edm\u00e9re. Ez a r\u00f3zsasz\u00edn csekk, amit minden post\u00e1n ingyen adnak \u00e9s ott fel is adhatod. A csekk k\u00fcld\u00e9s\u00e9nek a d\u00edj\u00e1t nem t\u0151l\u00fcnk vonj\u00e1k le, hanem neked kell befizetned a p\u00e9nz felad\u00e1sakor.<br \/>\nA d\u00edj 10 000 forintig 960 forint, 30 000-ig pedig 1470 forint (a teljes d\u00edjt\u00e1bl\u00e1zat a Posta oldal\u00e1n).<br \/>\nHa meg\u00edrod nek\u00fcnk a nevedet \u00e9s a lakc\u00edmedet, akkor k\u00fcld\u00fcnk kit\u00f6lt\u00f6tt csekkeket, ahov\u00e1 csak az \u00f6sszeget kell be\u00edrnod.<\/p>\n<p>Ha pedig szeretn\u00e9d megkapni a t\u00e1mogat\u00f3inknak j\u00e1r\u00f3 anyagokat, akkor \u00edrd meg nek\u00fcnk az email-c\u00edmedet a csekken a felad\u00f3 adatain\u00e1l vagy emailben.<\/p>\n<p>A c\u00edm\u00fcnk:<br \/>\nDirekt36 Nonprofit Kft.<br \/>\nPozsonyi \u00fat 10. II\/8<br \/>\nBudapest<br \/>\n1137<\/p>\n<p>K\u00f6sz\u00f6nj\u00fck a t\u00e1mogat\u00e1sod.<\/p>\n","protected":false},"excerpt":{"rendered":"<p>Ha csekken szeretn\u00e9l p\u00e9nzt k\u00fcldeni, akkor Belf\u00f6ldi postautalv\u00e1nyt kell ki\u00e1ll\u00edtanod a Direkt36 c\u00edm\u00e9re. Ez a r\u00f3zsasz\u00edn csekk, amit minden post\u00e1n ingyen adnak \u00e9s ott fel is adhatod. A csekk k\u00fcld\u00e9s\u00e9nek a d\u00edj\u00e1t nem t\u0151l\u00fcnk vonj\u00e1k le, hanem neked kell befizetned a p\u00e9nz felad\u00e1sakor. A d\u00edj 10 000 forintig 960 forint, 30 000-ig pedig 1470 forint [&hellip;]<\/p>\n","protected":false},"author":18,"featured_media":0,"parent":0,"menu_order":0,"comment_status":"closed","ping_status":"closed","template":"","meta":{"footnotes":""},"aioseo_notices":[],"_links":{"self":[{"href":"https:\/\/www.direkt36.hu\/en\/wp-json\/wp\/v2\/pages\/2942"}],"collection":[{"href":"https:\/\/www.direkt36.hu\/en\/wp-json\/wp\/v2\/pages"}],"about":[{"href":"https:\/\/www.direkt36.hu\/en\/wp-json\/wp\/v2\/types\/page"}],"author":[{"embeddable":true,"href":"https:\/\/www.direkt36.hu\/en\/wp-json\/wp\/v2\/users\/18"}],"replies":[{"embeddable":true,"href":"https:\/\/www.direkt36.hu\/en\/wp-json\/wp\/v2\/comments?post=2942"}],"version-history":[{"count":0,"href":"https:\/\/www.direkt36.hu\/en\/wp-json\/wp\/v2\/pages\/2942\/revisions"}],"wp:attachment":[{"href":"https:\/\/www.direkt36.hu\/en\/wp-json\/wp\/v2\/media?parent=2942"}],"curies":[{"name":"wp","href":"https:\/\/api.w.org\/{rel}","templated":true}]}}