{"id":4512,"date":"2018-04-14T13:01:10","date_gmt":"2018-04-14T11:01:10","guid":{"rendered":"https:\/\/www.direkt36.hu\/?page_id=4512"},"modified":"2025-02-15T07:54:47","modified_gmt":"2025-02-15T06:54:47","slug":"1szazalek-2024","status":"publish","type":"page","link":"https:\/\/www.direkt36.hu\/en\/1szazalek-2024\/","title":{"rendered":"1% \u2013 T\u00e1mogasd a f\u00fcggetlen \u00fajs\u00e1g\u00edr\u00e1st!"},"content":{"rendered":"<p class=\"qtranxs-available-languages-message qtranxs-available-languages-message-en\">Sorry, this entry is only available in <a href=\"https:\/\/www.direkt36.hu\/hu\/wp-json\/wp\/v2\/pages\/4512\" class=\"qtranxs-available-language-link qtranxs-available-language-link-hu\" title=\"Magyar\">Hungarian<\/a>.<\/p><div class=\"wp-block-spacer\" style=\"height: 8px;\" aria-hidden=\"true\">\u00a0<\/div>\r\n\r\n\r\n\r\n<div class=\"wp-block-columns is-layout-flex wp-container-core-columns-layout-1 wp-block-columns-is-layout-flex\">\r\n<div class=\"wp-block-column is-layout-flow wp-block-column-is-layout-flow\" style=\"flex-basis: 66.66%;\">\r\n<figure class=\"wp-block-embed is-type-video is-provider-youtube wp-block-embed-youtube wp-embed-aspect-16-9 wp-has-aspect-ratio\">\r\n<div class=\"wp-block-embed__wrapper\">https:\/\/www.youtube.com\/watch?v=47zfbIpk0Dk&amp;ab_channel=Direkt36<\/div>\r\n<\/figure>\r\n<\/div>\r\n\r\n\r\n\r\n<div class=\"wp-block-column is-layout-flow wp-block-column-is-layout-flow\" style=\"flex-basis: 33.33%;\">\r\n<p>Id\u00e9n is\u00a0k\u00f6z\u00f6sen\u00a0fogadja a szem\u00e9lyi j\u00f6vedelemad\u00f3 (szja) 1%-\u00e1t a\u00a0<strong><a href=\"https:\/\/www.direkt36.hu\/\">Direkt36<\/a><\/strong>\u00a0\u00e9s a\u00a0<a href=\"http:\/\/www.cij.hu\/hu\/\"><strong>F\u00fcggetlen M\u00e9diak\u00f6zpont<\/strong><\/a>ot m\u0171k\u00f6dtet\u0151 F\u00fcggetlen \u00dajs\u00e1g\u00edr\u00f3k Alap\u00edtv\u00e1nya!<\/p>\r\n\r\n\r\n\r\n<p><strong>T\u00e1mogass minket ad\u00f3d 1%-\u00e1val!<\/strong><\/p>\r\n<\/div>\r\n<\/div>\r\n\r\n\r\n\r\n<div class=\"wp-block-spacer\" style=\"height: 15px;\" aria-hidden=\"true\">\u00a0<\/div>\r\n\r\n\r\n\r\n<h2 class=\"wp-block-heading\">Hogyan tudod felaj\u00e1nlani nek\u00fcnk az 1%-ot?<\/h2>\r\n\r\n\r\n\r\n<div class=\"wp-block-spacer\" style=\"height: 8px;\" aria-hidden=\"true\">\u00a0<\/div>\r\n\r\n\r\n\r\n<p>Az szja-bevall\u00e1s beny\u00fajt\u00e1s\u00e1nak hat\u00e1rideje 2025. m\u00e1jus 20-a; a NAV \u00e1ltal elk\u00e9sz\u00edtett bevall\u00e1s-tervezeteket m\u00e1rcius 15-\u00e9t\u0151l lehet megn\u00e9zni \u00e9s j\u00f3v\u00e1hagyni. Az 1%-r\u00f3l <strong>rendelkezhetsz akkor, amikor a bevall\u00e1st beadod<\/strong>, de ak\u00e1r <strong>a bevall\u00e1st\u00f3l f\u00fcggetlen\u00fcl is elk\u00fcldheted a nyilatkozatot<\/strong> - online (ha van \u00dcgyf\u00e9lkapu-regisztr\u00e1ci\u00f3d) vagy post\u00e1n.<\/p>\r\n\r\n\r\n\r\n<p>Az online beny\u00fajt\u00e1shoz keresd fel a <strong>NAV weboldal\u00e1t<\/strong>:\u00a0<a href=\"https:\/\/eszja.nav.gov.hu\/\">https:\/\/eszja.nav.gov.hu\/<\/a>, az azonos\u00edt\u00e1s ut\u00e1n kattints az ,,1+1%-os nyilatkozat\" blokkban a ,,NYILATKOZOM\" gombra, majd a civil kedvezm\u00e9nyezettek k\u00f6z\u00f6tt v\u00e1laszd ki ezt a szervezetet \u00e9s ad\u00f3sz\u00e1mot:<\/p>\r\n\r\n\r\n\r\n<div class=\"felhivas\"><span style=\"color: #d42222;\">F\u00fcggetlen \u00dajs\u00e1g\u00edr\u00f3k Alap\u00edtv\u00e1nya - 18075450-1-42<\/span><\/div>\r\n\r\n\r\n\r\n<div class=\"wp-block-buttons is-content-justification-center is-layout-flex wp-container-core-buttons-layout-1 wp-block-buttons-is-layout-flex\">\r\n<div class=\"wp-block-button\"><a class=\"wp-block-button__link wp-element-button\" href=\"https:\/\/eszja.nav.gov.hu\/app\/login\/#login\" target=\"_blank\" rel=\"noreferrer noopener\">Felaj\u00e1nlom!<\/a><\/div>\r\n<\/div>\r\n\r\n\r\n\r\n<p>Minden t\u00e1mogat\u00e1s sz\u00e1m\u00edt, \u00edgy megk\u00f6sz\u00f6nj\u00fck, ha bar\u00e1taidat, ismer\u0151seidet is arra biztatod, hogy adj\u00e1k nek\u00fcnk ad\u00f3juk 1%-\u00e1t. K\u00e9sz\u00edtett\u00fcnk egy nyomtathat\u00f3 plak\u00e1tot is, <a title=\"\" href=\"https:\/\/www.direkt36.hu\/wp-content\/uploads\/2024\/04\/Direkt36_1_plakat.pdf\">amit innen tudsz let\u00f6lteni.<\/a><\/p>\r\n\r\n\r\n\r\n<p>R\u00e9szletesebb \u00fatmutat\u00f3\u00e9rt, illetve a pap\u00edron beadhat\u00f3 nyilatkozatr\u00f3l sz\u00f3l\u00f3 inform\u00e1ci\u00f3k\u00e9rt\u00a0g\u00f6rgess lejjebb, seg\u00edt\u00fcnk! A NAV 1%-os t\u00e1j\u00e9koztat\u00f3j\u00e1t\u00a0<a href=\"https:\/\/nav.gov.hu\/ado\/szja1_1\/11-os-rendelkezes-2024-ben\">itt tal\u00e1lod<\/a>.<\/p>\r\n\r\n\r\n\r\n<div class=\"wp-block-spacer\" style=\"height: 15px;\" aria-hidden=\"true\">\u00a0<\/div>\r\n\r\n\r\n\r\n<h2 class=\"wp-block-heading\">Mi\u00e9rt nek\u00fcnk add az 1%-ot?<\/h2>\r\n\r\n\r\n\r\n<div class=\"wp-block-spacer\" style=\"height: 8px;\" aria-hidden=\"true\">\u00a0<\/div>\r\n\r\n\r\n\r\n<p>A politikusok, c\u00e9gvezet\u0151k \u00e9s m\u00e1s befoly\u00e1sos emberek minden orsz\u00e1gban, \u00edgy Magyarorsz\u00e1gon is \u00f3ri\u00e1si anyagi er\u0151forr\u00e1sok f\u00f6l\u00f6tt rendelkeznek, \u00e9s a mindennapi \u00e9let\u00fcnket alapvet\u0151en meghat\u00e1roz\u00f3 d\u00f6nt\u00e9seket hoznak. Az \u00fajs\u00e1g\u00edr\u00f3k feladata, hogy ezeket a d\u00f6nt\u00e9seket mindannyiunk \u00e9rdek\u00e9ben szemmel tarts\u00e1k, \u00e9s sz\u00f3v\u00e1 tegy\u00e9k, ha azt l\u00e1tj\u00e1k, hogy valami nincs rendben.<\/p>\r\n\r\n\r\n\r\n<p>Ez sosem volt k\u00f6nny\u0171 munka, de az elm\u00falt \u00e9vekben m\u00e9g nehezebb\u00e9 v\u00e1lt. Az \u00fajs\u00e1g\u00edr\u00f3knak m\u00e1r nem csak egym\u00e1ssal kell versenyezni\u00fck a k\u00f6z\u00f6ns\u00e9g figyelm\u00e9\u00e9rt, hanem a t\u00f6megek befoly\u00e1sol\u00e1s\u00e1ra l\u00e9trej\u00f6tt propagandag\u00e9pezetekkel, \u00e1lh\u00edrgy\u00e1rakkal \u00e9s a titkol\u00f3z\u00f3, sz\u00e1nd\u00e9kosan \u00e1tl\u00e1thatatlanul m\u0171k\u00f6d\u0151 \u00e1llami szervekkel, hat\u00f3s\u00e1gokkal is fel kell venni\u00fck a k\u00fczdelmet. A Direkt36 az\u00e9rt j\u00f6tt l\u00e9tre, munkat\u00e1rsai az\u00e9rt dolgoznak minden nap, hogy ilyen k\u00f6r\u00fclm\u00e9nyek k\u00f6z\u00f6tt is kider\u00fclj\u00f6n, mi folyik Magyarorsz\u00e1gon, mi t\u00f6rt\u00e9nik Magyarorsz\u00e1ggal.<\/p>\r\n\r\n\r\n\r\n<p>Ebben seg\u00edthetsz, ha nek\u00fcnk aj\u00e1nlod fel az ad\u00f3d 1%-\u00e1t.<\/p>\r\n\r\n\r\n\r\n<div class=\"wp-block-spacer\" style=\"height: 15px;\" aria-hidden=\"true\">\u00a0<\/div>\r\n\r\n\r\n\r\n<h2 class=\"wp-block-heading\">Mire k\u00f6ltj\u00fck a p\u00e9nzt?<\/h2>\r\n\r\n\r\n\r\n<div class=\"wp-block-spacer\" style=\"height: 8px;\" aria-hidden=\"true\">\u00a0<\/div>\r\n\r\n\r\n\r\n<p>A Direkt36 a t\u00e9nyfelt\u00e1r\u00f3 munk\u00e1t finansz\u00edrozza bel\u0151le, a F\u00fcggetlen M\u00e9diak\u00f6zpont pedig olyan esem\u00e9nyeket rendez, amelyek seg\u00edtik a hazai \u00fajs\u00e1g\u00edr\u00e1s sz\u00ednvonal\u00e1nak jav\u00edt\u00e1s\u00e1t. Az 1%-os felaj\u00e1nl\u00e1sok felhaszn\u00e1l\u00e1s\u00e1r\u00f3l besz\u00e1molunk az oldalainkon. A Direkt36 \u00e9s a F\u00fcggetlen M\u00e9diak\u00f6zpont p\u00e9nz\u00fcgyei, m\u0171k\u00f6d\u00e9se 100%-ban \u00e1tl\u00e1that\u00f3.<\/p>\r\n\r\n\r\n\r\n<div class=\"wp-block-spacer\" style=\"height: 15px;\" aria-hidden=\"true\">\u00a0<\/div>\r\n\r\n\r\n\r\n<h2 class=\"wp-block-heading\">Mi az a Direkt36 \u00e9s a F\u00fcggetlen M\u00e9diak\u00f6zpont?<\/h2>\r\n\r\n\r\n\r\n<div class=\"wp-block-spacer\" style=\"height: 8px;\" aria-hidden=\"true\">\u00a0<\/div>\r\n\r\n\r\n\r\n<p>A Direkt36 nonprofit t\u00e9nyfelt\u00e1r\u00f3 \u00fajs\u00e1g\u00edr\u00f3 m\u0171hely, amely alapos, kiegyens\u00falyozott cikkekben sz\u00e1mol be mindny\u00e1junkat megk\u00e1ros\u00edt\u00f3 vissza\u00e9l\u00e9sekr\u0151l. A F\u00fcggetlen M\u00e9diak\u00f6zpont k\u00e9t \u00e9vtizede szervez tanfolyamokat, konferenci\u00e1kat, amelyeken az \u00fajs\u00e1g\u00edr\u00e1s legfrissebb m\u00f3dszereivel ismerkedhetnek meg a r\u00e9sztvev\u0151k. A k\u00e9t szervezetet \u00f6sszek\u00f6ti az a meggy\u0151z\u0151d\u00e9s, hogy l\u00e9tezik b\u00e1tor, p\u00e1rtatlan \u00e9s kiz\u00e1r\u00f3lag a k\u00f6z \u00e9rdek\u00e9t szolg\u00e1l\u00f3 \u00fajs\u00e1g\u00edr\u00e1s, \u00e9s ennek fontos szerepe van a hatalmon l\u00e9v\u0151k \u00e9s sz\u00f6vets\u00e9geseik ellen\u0151rz\u00e9s\u00e9ben. (Ha k\u00edv\u00e1ncsi vagy legfrissebb nyomoz\u00e1sainkra,\u00a0<a href=\"https:\/\/www.direkt36.hu\/\">kattints ide!<\/a>)<\/p>\r\n\r\n\r\n\r\n<div class=\"wp-block-spacer\" style=\"height: 15px;\" aria-hidden=\"true\">\u00a0<\/div>\r\n\r\n\r\n<hr class=\"wp-block-separator has-alpha-channel-opacity\" \/>\r\n\r\n\r\n<div class=\"wp-block-spacer\" style=\"height: 30px;\" aria-hidden=\"true\">\u00a0<\/div>\r\n\r\n\r\n\r\n<h1 class=\"wp-block-heading has-text-align-center\">\u00cdgy m\u0171k\u00f6dik az 1% felaj\u00e1nl\u00e1sa\u00a0l\u00e9p\u00e9sr\u0151l l\u00e9p\u00e9sre<\/h1>\r\n\r\n\r\n\r\n<div class=\"wp-block-spacer\" style=\"height: 30px;\" aria-hidden=\"true\">\u00a0<\/div>\r\n\r\n\r\n\r\n<h2 class=\"wp-block-heading\">A) Ha pap\u00edron k\u00e9sz\u00fcl az SZJA-bevall\u00e1sod<\/h2>\r\n\r\n\r\n\r\n<div class=\"wp-block-spacer\" style=\"height: 8px;\" aria-hidden=\"true\">\u00a0<\/div>\r\n\r\n\r\n\r\n<p>Az szja-bevall\u00e1s megfelel\u0151 oldal\u00e1n ezeket az adatokat kell megadnod:<\/p>\r\n\r\n\r\n\r\n<div class=\"felhivas\"><span style=\"color: #d42222;\">F\u00fcggetlen \u00dajs\u00e1g\u00edr\u00f3k Alap\u00edtv\u00e1nya - 18075450-1-42<\/span><\/div>\r\n\r\n\r\n\r\n<p>A rendelkez\u0151 nyilatkozatot (ugyan\u00fagy, mint mag\u00e1t az ad\u00f3bevall\u00e1st) kit\u00f6ltheted regisztr\u00e1ci\u00f3 n\u00e9lk\u00fcl is a NAV oldal\u00e1n:\u00a0<a href=\"https:\/\/webnyk.nav.gov.hu\/\">https:\/\/webnyk.nav.gov.hu\/<\/a><\/p>\r\n\r\n\r\n\r\n<p>Az \u00edgy elk\u00e9sz\u00edtett nyilatkozatot azt\u00e1n ki kell nyomtatni, \u00e9s al\u00e1\u00edrva kell lez\u00e1rt postai bor\u00edt\u00e9kban szem\u00e9lyesen beny\u00fajtani vagy post\u00e1n feladni a NAV-nak 2025. m\u00e1jus 20-ig.<\/p>\r\n\r\n\r\n\r\n<div class=\"wp-block-spacer\" style=\"height: 15px;\" aria-hidden=\"true\">\u00a0<\/div>\r\n\r\n\r\n\r\n<h2 class=\"wp-block-heading\">B) Ha van \u00dcgyf\u00e9lkapu regisztr\u00e1ci\u00f3d, \u00e9s online k\u00e9sz\u00edted a felaj\u00e1nl\u00e1sodat<\/h2>\r\n\r\n\r\n\r\n<div class=\"wp-block-spacer\" style=\"height: 8px;\" aria-hidden=\"true\">\u00a0<\/div>\r\n\r\n\r\n\r\n<p><strong>1. Keresd fel a NAV weboldal\u00e1t:\u00a0<a href=\"https:\/\/eszja.nav.gov.hu\/\">https:\/\/eszja.nav.gov.hu\/<\/a><\/strong><\/p>\r\n\r\n\r\n\r\n<div class=\"wp-block-spacer\" style=\"height: 8px;\" aria-hidden=\"true\">\u00a0<\/div>\r\n\r\n\r\n\r\n<div class=\"wp-block-media-text is-stacked-on-mobile\">\r\n<figure class=\"wp-block-media-text__media\"><img loading=\"lazy\" decoding=\"async\" width=\"615\" height=\"541\" class=\"wp-image-11111 size-full\" src=\"https:\/\/www.direkt36.hu\/wp-content\/uploads\/2024\/04\/1_Step-by-step_1.png\" alt=\"\" \/><\/figure>\r\n<div class=\"wp-block-media-text__content\">\r\n<p>Jelentkezz be a BEL\u00c9P\u00c9S gombra kattintva.<\/p>\r\n<\/div>\r\n<\/div>\r\n\r\n\r\n\r\n<div class=\"wp-block-spacer\" style=\"height: 30px;\" aria-hidden=\"true\">\u00a0<\/div>\r\n\r\n\r\n\r\n<p><strong>2. Jelentkezz be az \u00dcgyf\u00e9lkapuba. <\/strong><\/p>\r\n\r\n\r\n\r\n<div class=\"wp-block-spacer\" style=\"height: 8px;\" aria-hidden=\"true\">\u00a0<\/div>\r\n\r\n\r\n\r\n<div class=\"wp-block-media-text is-stacked-on-mobile\">\r\n<figure class=\"wp-block-media-text__media\"><img loading=\"lazy\" decoding=\"async\" width=\"1016\" height=\"777\" class=\"wp-image-11112 size-full\" src=\"https:\/\/www.direkt36.hu\/wp-content\/uploads\/2024\/04\/1_Step-by-step_2.png\" alt=\"\" srcset=\"https:\/\/www.direkt36.hu\/wp-content\/uploads\/2024\/04\/1_Step-by-step_2.png 1016w, https:\/\/www.direkt36.hu\/wp-content\/uploads\/2024\/04\/1_Step-by-step_2-800x612.png 800w, https:\/\/www.direkt36.hu\/wp-content\/uploads\/2024\/04\/1_Step-by-step_2-768x587.png 768w\" sizes=\"(max-width: 1016px) 100vw, 1016px\" \/><\/figure>\r\n<div class=\"wp-block-media-text__content\">\r\n<p>Ehhez sz\u00fcks\u00e9ged lesz felhaszn\u00e1l\u00f3n\u00e9vre \u00e9s jelsz\u00f3ra. (Ha nincs \u00dcgyf\u00e9lkapu-hozz\u00e1f\u00e9r\u00e9sed, akkor b\u00e1rmelyik Korm\u00e1nyablakban ig\u00e9nyelhetsz szem\u00e9lyesen. Ez sokf\u00e9le m\u00e1s \u00fcgyint\u00e9z\u00e9shez is hasznos lehet. Ha nem szeretn\u00e9l hozz\u00e1f\u00e9r\u00e9st, akkor marad a pap\u00edralap\u00fa bevall\u00e1s.)<\/p>\r\n<\/div>\r\n<\/div>\r\n\r\n\r\n\r\n<div class=\"wp-block-spacer\" style=\"height: 30px;\" aria-hidden=\"true\">\u00a0<\/div>\r\n\r\n\r\n\r\n<p><strong>3. Ha bel\u00e9pt\u00e9l, kattints az \u201e1+1%-os nyilatkozat\u201d blokkban a ,,NYILATKOZOM\" gombra, \u00e9s t\u00f6ltsd ki a megjelen\u0151 \u0171rlapot.<\/strong><\/p>\r\n\r\n\r\n\r\n<div class=\"wp-block-spacer\" style=\"height: 8px;\" aria-hidden=\"true\">\u00a0<\/div>\r\n\r\n\r\n\r\n<div class=\"wp-block-media-text is-stacked-on-mobile\">\r\n<figure class=\"wp-block-media-text__media\"><img loading=\"lazy\" decoding=\"async\" width=\"1200\" height=\"844\" class=\"wp-image-11114 size-full\" src=\"https:\/\/www.direkt36.hu\/wp-content\/uploads\/2024\/04\/1_Step-by-step_3-1200x844.png\" alt=\"\" srcset=\"https:\/\/www.direkt36.hu\/wp-content\/uploads\/2024\/04\/1_Step-by-step_3-1200x844.png 1200w, https:\/\/www.direkt36.hu\/wp-content\/uploads\/2024\/04\/1_Step-by-step_3-800x562.png 800w, https:\/\/www.direkt36.hu\/wp-content\/uploads\/2024\/04\/1_Step-by-step_3-768x540.png 768w, https:\/\/www.direkt36.hu\/wp-content\/uploads\/2024\/04\/1_Step-by-step_3.png 1401w\" sizes=\"(max-width: 1200px) 100vw, 1200px\" \/><\/figure>\r\n<div class=\"wp-block-media-text__content\">\r\n<p>&nbsp;<\/p>\r\n<\/div>\r\n<\/div>\r\n\r\n\r\n\r\n<div class=\"wp-block-spacer\" style=\"height: 30px;\" aria-hidden=\"true\">\u00a0<\/div>\r\n\r\n\r\n\r\n<div class=\"wp-block-media-text is-stacked-on-mobile\">\r\n<figure class=\"wp-block-media-text__media\"><img loading=\"lazy\" decoding=\"async\" width=\"1200\" height=\"667\" class=\"wp-image-11115 size-full\" src=\"https:\/\/www.direkt36.hu\/wp-content\/uploads\/2024\/04\/1_Step-by-step_4.png\" alt=\"\" srcset=\"https:\/\/www.direkt36.hu\/wp-content\/uploads\/2024\/04\/1_Step-by-step_4.png 1200w, https:\/\/www.direkt36.hu\/wp-content\/uploads\/2024\/04\/1_Step-by-step_4-800x445.png 800w, https:\/\/www.direkt36.hu\/wp-content\/uploads\/2024\/04\/1_Step-by-step_4-768x427.png 768w\" sizes=\"(max-width: 1200px) 100vw, 1200px\" \/><\/figure>\r\n<div class=\"wp-block-media-text__content\">\r\n<p>Figyelj arra, hogy a nevedet \u00e9s a lakc\u00edmedet csak akkor kell megadnod, ha szeretn\u00e9d, hogy azokat a t\u00e1mogatott szervezet is l\u00e1ssa. Ez esetben ki kell pip\u00e1lnod az ad\u00f3z\u00f3 neve mez\u0151 feletti hozz\u00e1j\u00e1rul\u00e1si nyilatkozatot. (Ha nem szeretn\u00e9d megadni ezeket az adatokat, egyszer\u0171en hagyd \u00fcresen ezeket a mez\u0151ket.)<\/p>\r\n<\/div>\r\n<\/div>\r\n\r\n\r\n\r\n<div class=\"wp-block-spacer\" style=\"height: 30px;\" aria-hidden=\"true\">\u00a0<\/div>\r\n\r\n\r\n\r\n<p><strong>4. V\u00e1laszd ki a t\u00e1mogatott szervezetet. <\/strong><\/p>\r\n\r\n\r\n\r\n<div class=\"wp-block-spacer\" style=\"height: 8px;\" aria-hidden=\"true\">\u00a0<\/div>\r\n\r\n\r\n\r\n<div class=\"wp-block-media-text is-stacked-on-mobile\">\r\n<figure class=\"wp-block-media-text__media\"><img loading=\"lazy\" decoding=\"async\" width=\"1100\" height=\"400\" class=\"wp-image-11117 size-full\" src=\"https:\/\/www.direkt36.hu\/wp-content\/uploads\/2024\/04\/1_Step-by-step_5.png\" alt=\"\" srcset=\"https:\/\/www.direkt36.hu\/wp-content\/uploads\/2024\/04\/1_Step-by-step_5.png 1100w, https:\/\/www.direkt36.hu\/wp-content\/uploads\/2024\/04\/1_Step-by-step_5-800x291.png 800w, https:\/\/www.direkt36.hu\/wp-content\/uploads\/2024\/04\/1_Step-by-step_5-768x279.png 768w\" sizes=\"(max-width: 1100px) 100vw, 1100px\" \/><\/figure>\r\n<div class=\"wp-block-media-text__content\">\r\n<p>,,A civil kedvezm\u00e9nyezett ad\u00f3sz\u00e1ma\" mez\u0151be \u00edrd be az ad\u00f3sz\u00e1munkat (<strong>18075450-1-42<\/strong>), ezut\u00e1n a civil kedvezm\u00e9nyezett neve (<strong>F\u00fcggetlen \u00dajs\u00e1g\u00edr\u00f3k Alap\u00edtv\u00e1nya<\/strong>) automatikusan megjelenik.<\/p>\r\n<\/div>\r\n<\/div>\r\n\r\n\r\n\r\n<div class=\"wp-block-spacer\" style=\"height: 30px;\" aria-hidden=\"true\">\u00a0<\/div>\r\n\r\n\r\n\r\n<p><strong>5. Mentsd el \u00e9s add le a nyilatkozatot!<\/strong><\/p>\r\n\r\n\r\n\r\n<div class=\"wp-block-spacer\" style=\"height: 8px;\" aria-hidden=\"true\">\u00a0<\/div>\r\n\r\n\r\n\r\n<div class=\"wp-block-media-text is-stacked-on-mobile\">\r\n<figure class=\"wp-block-media-text__media\"><img loading=\"lazy\" decoding=\"async\" width=\"850\" height=\"424\" class=\"wp-image-11121 size-full\" src=\"https:\/\/www.direkt36.hu\/wp-content\/uploads\/2024\/04\/1_Step-by-step_6.png\" alt=\"\" srcset=\"https:\/\/www.direkt36.hu\/wp-content\/uploads\/2024\/04\/1_Step-by-step_6.png 850w, https:\/\/www.direkt36.hu\/wp-content\/uploads\/2024\/04\/1_Step-by-step_6-800x399.png 800w, https:\/\/www.direkt36.hu\/wp-content\/uploads\/2024\/04\/1_Step-by-step_6-768x383.png 768w\" sizes=\"(max-width: 850px) 100vw, 850px\" \/><\/figure>\r\n<div class=\"wp-block-media-text__content\">\r\n<p>A civil kedvezm\u00e9nyezett ut\u00e1n egy technikai sz\u00e1mmal rendelkez\u0151 kedvezm\u00e9nyezettet (egyh\u00e1zak, vall\u00e1si k\u00f6z\u00f6ss\u00e9gek) is v\u00e1laszthatsz. Ha mindent kit\u00f6lt\u00f6tt\u00e9l, kattints az oldal alj\u00e1n a ,,Tov\u00e1bb a bead\u00e1shoz\" gombra. Ha hiba\u00fczenettel tal\u00e1lkozol, akkor valamilyen adat hi\u00e1nyzik vagy nem megfelel\u0151en adtad meg. Az oldal tetej\u00e9re g\u00f6rgetve ellen\u0151rizheted, hogy mi volt a hiba. Ha minden rendben volt, akkor a k\u00e9perny\u0151d\u00f6n a ,,Sikeres bek\u00fcld\u00e9s\" \u00fczenet jelenik majd meg.<\/p>\r\n<\/div>\r\n<\/div>\r\n\r\n\r\n\r\n<div class=\"wp-block-spacer\" style=\"height: 15px;\" aria-hidden=\"true\">\u00a0<\/div>\r\n\r\n\r\n\r\n<p>Nagyon k\u00f6sz\u00f6nj\u00fck, ha a t\u00e1mogat\u00e1sunk mellett d\u00f6nt\u00f6tt\u00e9l, \u00e9s ennek megfelel\u0151en rendelkezt\u00e9l az 1%-odr\u00f3l!<\/p>\r\n\r\n\r\n\r\n<p>Ha b\u00e1rmilyen k\u00e9rd\u00e9sed van, \u00edrj nek\u00fcnk a\u00a0<a href=\"mailto:tamogatas@direkt36.hu\">tamogatas@direkt36.hu<\/a>\u00a0a c\u00edmre!<\/p>","protected":false},"excerpt":{"rendered":"<p>Sorry, this entry is only available in Hungarian. Id\u00e9n is\u00a0k\u00f6z\u00f6sen\u00a0fogadja a szem\u00e9lyi j\u00f6vedelemad\u00f3 (szja) 1%-\u00e1t a\u00a0Direkt36\u00a0\u00e9s a\u00a0F\u00fcggetlen M\u00e9diak\u00f6zpontot m\u0171k\u00f6dtet\u0151 F\u00fcggetlen \u00dajs\u00e1g\u00edr\u00f3k Alap\u00edtv\u00e1nya! T\u00e1mogass minket ad\u00f3d 1%-\u00e1val! Hogyan tudod felaj\u00e1nlani nek\u00fcnk az 1%-ot? Az szja-bevall\u00e1s beny\u00fajt\u00e1s\u00e1nak hat\u00e1rideje 2025. m\u00e1jus 20-a; a NAV \u00e1ltal elk\u00e9sz\u00edtett bevall\u00e1s-tervezeteket m\u00e1rcius 15-\u00e9t\u0151l lehet megn\u00e9zni \u00e9s j\u00f3v\u00e1hagyni. Az 1%-r\u00f3l rendelkezhetsz akkor, amikor [&hellip;]<\/p>\n","protected":false},"author":18,"featured_media":10852,"parent":0,"menu_order":0,"comment_status":"closed","ping_status":"closed","template":"","meta":{"footnotes":""},"aioseo_notices":[],"_links":{"self":[{"href":"https:\/\/www.direkt36.hu\/en\/wp-json\/wp\/v2\/pages\/4512"}],"collection":[{"href":"https:\/\/www.direkt36.hu\/en\/wp-json\/wp\/v2\/pages"}],"about":[{"href":"https:\/\/www.direkt36.hu\/en\/wp-json\/wp\/v2\/types\/page"}],"author":[{"embeddable":true,"href":"https:\/\/www.direkt36.hu\/en\/wp-json\/wp\/v2\/users\/18"}],"replies":[{"embeddable":true,"href":"https:\/\/www.direkt36.hu\/en\/wp-json\/wp\/v2\/comments?post=4512"}],"version-history":[{"count":0,"href":"https:\/\/www.direkt36.hu\/en\/wp-json\/wp\/v2\/pages\/4512\/revisions"}],"wp:featuredmedia":[{"embeddable":true,"href":"https:\/\/www.direkt36.hu\/en\/wp-json\/wp\/v2\/media\/10852"}],"wp:attachment":[{"href":"https:\/\/www.direkt36.hu\/en\/wp-json\/wp\/v2\/media?parent=4512"}],"curies":[{"name":"wp","href":"https:\/\/api.w.org\/{rel}","templated":true}]}}